{"id":381,"date":"2025-07-15T14:37:37","date_gmt":"2025-07-15T06:37:37","guid":{"rendered":"https:\/\/new.nblhplastic.com\/?page_id=381"},"modified":"2025-07-15T14:38:28","modified_gmt":"2025-07-15T06:38:28","slug":"service-a-duree-determinee","status":"publish","type":"page","link":"https:\/\/www.nblhplastic.com\/fr\/service-a-duree-determinee","title":{"rendered":"conditions de service"},"content":{"rendered":"<h1 class=\"ace-line heading-h1\" dir=\"auto\" style=\"text-align: center;\" data-node=\"true\"><strong><span class=\"lb\">Les conditions d'utilisation du site web officiel de l'entreprise expliquent<\/span>\u200b<\/strong><\/h1>\n<div class=\"ace-line\" dir=\"auto\" data-node=\"true\"><span data-leaf=\"true\"><span class=\"lb\">Bienvenue sur le site web officiel de Ningbo Chaohe Plastic Co., Ltd (ci-apr\u00e8s d\u00e9nomm\u00e9 \"ce site web\"). Avant d'utiliser ce site, veuillez lire attentivement les conditions g\u00e9n\u00e9rales suivantes, et votre acc\u00e8s et votre utilisation seront consid\u00e9r\u00e9s comme une acceptation de l'ensemble du contenu de ces conditions g\u00e9n\u00e9rales.<\/span><\/span><\/div>\n<div class=\"ace-line\" dir=\"auto\" data-node=\"true\"><span data-string=\"true\" data-enter=\"true\" data-leaf=\"true\">\u200b<\/span><\/div>\n<div class=\"ace-line heading-h2\" dir=\"auto\" data-node=\"true\"><strong><span class=\"lb\">Contenu du service et r\u00e8gles d'utilisation<\/span>\u200b<\/strong><\/div>\n<div class=\"ace-line\" dir=\"auto\" data-node=\"true\"><span data-leaf=\"true\"><span class=\"lb\">Ce site web fournit des informations sur les entreprises, des pr\u00e9sentations de produits, des informations de contact et d'autres services. Les utilisateurs peuvent consulter les informations et soumettre des demandes, mais ne peuvent pas commettre les actes suivants : collecter le contenu du site web sans autorisation ; diffuser des informations ill\u00e9gales et fausses ; interf\u00e9rer avec le fonctionnement normal du site web ; et utiliser les services au nom d'autrui.<\/span><\/span><\/div>\n<div class=\"ace-line\" dir=\"auto\" data-node=\"true\"><span data-string=\"true\" data-enter=\"true\" data-leaf=\"true\">\u200b<\/span><\/div>\n<div class=\"ace-line heading-h2\" dir=\"auto\" data-node=\"true\"><strong><span class=\"lb\">D\u00e9claration sur la propri\u00e9t\u00e9 intellectuelle<\/span>\u200b<\/strong><\/div>\n<div class=\"ace-line\" dir=\"auto\" data-node=\"true\"><span data-leaf=\"true\"><span class=\"lb\">Tout le contenu de ce site web (y compris les textes, les images, les marques, etc.) est la propri\u00e9t\u00e9 de l'entreprise et est prot\u00e9g\u00e9 par la loi. Toute forme de reproduction, de distribution ou d'utilisation commerciale est interdite sans autorisation \u00e9crite.<\/span><\/span><\/div>\n<div class=\"ace-line\" dir=\"auto\" data-node=\"true\"><span data-string=\"true\" data-enter=\"true\" data-leaf=\"true\">\u200b<\/span><\/div>\n<div class=\"ace-line heading-h2\" dir=\"auto\" data-node=\"true\"><strong><span class=\"lb\">clause de non-responsabilit\u00e9<\/span>\u200b<\/strong><\/div>\n<div class=\"ace-line\" dir=\"auto\" data-node=\"true\"><span data-leaf=\"true\"><span class=\"lb\">Nous nous effor\u00e7ons d'assurer l'exactitude des informations figurant sur ce site web, mais nous ne donnons aucune garantie absolue quant \u00e0 la disponibilit\u00e9 en temps r\u00e9el ou \u00e0 l'exhaustivit\u00e9 du contenu. Nous ne sommes pas responsables de toute perte caus\u00e9e par l'utilisation des informations contenues dans ce site web. Le contenu li\u00e9 \u00e0 des sites web de tiers est aux risques et p\u00e9rils de l'utilisateur.<\/span><\/span><\/div>\n<div class=\"ace-line\" dir=\"auto\" data-node=\"true\"><span data-string=\"true\" data-enter=\"true\" data-leaf=\"true\">\u200b<\/span><\/div>\n<div class=\"ace-line heading-h2\" dir=\"auto\" data-node=\"true\"><strong><span class=\"lb\">Modification et r\u00e9siliation des conditions<\/span>\u200b<\/strong><\/div>\n<div class=\"ace-line\" dir=\"auto\" data-node=\"true\"><span data-leaf=\"true\"><span class=\"lb\">L'entreprise se r\u00e9serve le droit de modifier les conditions g\u00e9n\u00e9rales \u00e0 tout moment, et la modification sera annonc\u00e9e sur le site web. Si l'utilisateur n'accepte pas la modification, il doit cesser imm\u00e9diatement d'utiliser le site web. L'entreprise peut mettre fin \u00e0 tout ou partie des services \u00e0 tout moment en fonction des besoins op\u00e9rationnels, sans que sa responsabilit\u00e9 soit engag\u00e9e.<\/span><\/span><\/div>\n<div class=\"ace-line\" dir=\"auto\" data-node=\"true\"><span data-string=\"true\" data-enter=\"true\" data-leaf=\"true\">\u200b<\/span><\/div>\n<div class=\"ace-line heading-h2\" dir=\"auto\" data-node=\"true\"><strong><span class=\"lb\">R\u00e9solution des litiges<\/span>\u200b<\/strong><\/div>\n<div class=\"ace-line\" dir=\"auto\" data-node=\"true\"><span data-leaf=\"true\"><span class=\"lb\">Les litiges d\u00e9coulant des pr\u00e9sentes conditions g\u00e9n\u00e9rales seront r\u00e9solus par des n\u00e9gociations amicales entre les deux parties ; en cas d'\u00e9chec des n\u00e9gociations, le litige sera soumis au tribunal comp\u00e9tent du lieu o\u00f9 se trouve l'entreprise.<\/span><\/span><span data-string=\"true\" data-enter=\"true\" data-leaf=\"true\">\u200b<\/span><\/div>\n<div class=\"ace-line\" dir=\"auto\" data-node=\"true\"><span data-leaf=\"true\"><span class=\"lb\">Pour toute question, veuillez contacter : +86-574-88303209.<\/span><\/span><span data-string=\"true\" data-enter=\"true\" data-leaf=\"true\">\u200b<\/span><\/div>","protected":false},"excerpt":{"rendered":"<p>\u4f01\u4e1a\u5b98\u7f51\u670d\u52a1\u6761\u6b3e\u8bf4\u660e\u200b \u6b22\u8fce\u4f7f\u7528\u5b81\u6ce2\u8d85\u5408\u5851\u6599\u6709\u9650\u516c\u53f8\u5b98\u7f51\uff08\u4ee5\u4e0b\u7b80\u79f0 \u201c\u672c\u7f51\u7ad9\u201d\uff09\u3002\u4f7f\u7528\u672c\u7f51\u7ad9\u524d\uff0c\u8bf7\u4ed4\u7ec6\u9605\u8bfb\u4ee5\u4e0b [&hellip;]<\/p>","protected":false},"author":1,"featured_media":0,"parent":0,"menu_order":0,"comment_status":"closed","ping_status":"closed","template":"single_ystk.php","meta":{"footnotes":""},"class_list":["post-381","page","type-page","status-publish","hentry"],"yoast_head":"<!-- This site is optimized with the Yoast SEO plugin v25.4 - https:\/\/yoast.com\/wordpress\/plugins\/seo\/ -->\n<title>\u670d\u52a1\u6761\u6b3e - \u5b81\u6ce2\u8d85\u5408\u5851\u6599\u6709\u9650\u516c\u53f8<\/title>\n<meta name=\"robots\" content=\"index, follow, max-snippet:-1, max-image-preview:large, max-video-preview:-1\" \/>\n<link rel=\"canonical\" href=\"https:\/\/www.linheplastic.com\/de\/termindienst\" \/>\n<meta property=\"og:locale\" content=\"fr_FR\" \/>\n<meta property=\"og:type\" content=\"article\" \/>\n<meta property=\"og:title\" content=\"\u670d\u52a1\u6761\u6b3e - \u5b81\u6ce2\u8d85\u5408\u5851\u6599\u6709\u9650\u516c\u53f8\" \/>\n<meta property=\"og:description\" content=\"\u4f01\u4e1a\u5b98\u7f51\u670d\u52a1\u6761\u6b3e\u8bf4\u660e\u200b \u6b22\u8fce\u4f7f\u7528\u5b81\u6ce2\u8d85\u5408\u5851\u6599\u6709\u9650\u516c\u53f8\u5b98\u7f51\uff08\u4ee5\u4e0b\u7b80\u79f0 \u201c\u672c\u7f51\u7ad9\u201d\uff09\u3002\u4f7f\u7528\u672c\u7f51\u7ad9\u524d\uff0c\u8bf7\u4ed4\u7ec6\u9605\u8bfb\u4ee5\u4e0b [&hellip;]\" \/>\n<meta property=\"og:url\" content=\"https:\/\/www.linheplastic.com\/de\/termindienst\" \/>\n<meta property=\"og:site_name\" content=\"\u5b81\u6ce2\u8d85\u5408\u5851\u6599\u6709\u9650\u516c\u53f8\" \/>\n<meta property=\"article:modified_time\" content=\"2025-07-15T06:38:28+00:00\" \/>\n<meta name=\"twitter:card\" content=\"summary_large_image\" \/>\n<meta name=\"twitter:label1\" content=\"Dur\u00e9e de lecture estim\u00e9e\" \/>\n\t<meta name=\"twitter:data1\" content=\"1 minute\" \/>\n<script type=\"application\/ld+json\" class=\"yoast-schema-graph\">{\"@context\":\"https:\/\/schema.org\",\"@graph\":[{\"@type\":\"WebPage\",\"@id\":\"https:\/\/www.linheplastic.com\/de\/termindienst\",\"url\":\"https:\/\/www.linheplastic.com\/de\/termindienst\",\"name\":\"\u670d\u52a1\u6761\u6b3e - \u5b81\u6ce2\u8d85\u5408\u5851\u6599\u6709\u9650\u516c\u53f8\",\"isPartOf\":{\"@id\":\"https:\/\/www.chaoheplastic.com\/#website\"},\"datePublished\":\"2025-07-15T06:37:37+00:00\",\"dateModified\":\"2025-07-15T06:38:28+00:00\",\"breadcrumb\":{\"@id\":\"https:\/\/www.linheplastic.com\/de\/termindienst#breadcrumb\"},\"inLanguage\":\"fr-FR\",\"potentialAction\":[{\"@type\":\"ReadAction\",\"target\":[\"https:\/\/www.linheplastic.com\/de\/termindienst\"]}]},{\"@type\":\"BreadcrumbList\",\"@id\":\"https:\/\/www.linheplastic.com\/de\/termindienst#breadcrumb\",\"itemListElement\":[{\"@type\":\"ListItem\",\"position\":1,\"name\":\"\u9996\u9875\",\"item\":\"https:\/\/www.chaoheplastic.com\/\"},{\"@type\":\"ListItem\",\"position\":2,\"name\":\"\u670d\u52a1\u6761\u6b3e\"}]},{\"@type\":\"WebSite\",\"@id\":\"https:\/\/www.chaoheplastic.com\/#website\",\"url\":\"https:\/\/www.chaoheplastic.com\/\",\"name\":\"\u5b81\u6ce2\u8d85\u5408\u5851\u6599\u6709\u9650\u516c\u53f8\",\"description\":\"\u5b81\u6ce2\u8d85\u5408\u5851\u6599\u6709\u9650\u516c\u53f8\u4f01\u4e1a\u5b98\u7f51\",\"publisher\":{\"@id\":\"https:\/\/www.chaoheplastic.com\/#organization\"},\"potentialAction\":[{\"@type\":\"SearchAction\",\"target\":{\"@type\":\"EntryPoint\",\"urlTemplate\":\"https:\/\/www.chaoheplastic.com\/?s={search_term_string}\"},\"query-input\":{\"@type\":\"PropertyValueSpecification\",\"valueRequired\":true,\"valueName\":\"search_term_string\"}}],\"inLanguage\":\"fr-FR\"},{\"@type\":\"Organization\",\"@id\":\"https:\/\/www.chaoheplastic.com\/#organization\",\"name\":\"\u5b81\u6ce2\u8d85\u5408\u5851\u6599\u6709\u9650\u516c\u53f8\",\"url\":\"https:\/\/www.chaoheplastic.com\/\",\"logo\":{\"@type\":\"ImageObject\",\"inLanguage\":\"fr-FR\",\"@id\":\"https:\/\/www.chaoheplastic.com\/#\/schema\/logo\/image\/\",\"url\":\"\/wp-content\/uploads\/2025\/06\/a028c7592e2e591b297bbd1505f7c62d.png\",\"contentUrl\":\"\/wp-content\/uploads\/2025\/06\/a028c7592e2e591b297bbd1505f7c62d.png\",\"width\":350,\"height\":77,\"caption\":\"\u5b81\u6ce2\u8d85\u5408\u5851\u6599\u6709\u9650\u516c\u53f8\"},\"image\":{\"@id\":\"https:\/\/www.chaoheplastic.com\/#\/schema\/logo\/image\/\"}}]}<\/script>\n<!-- \/ Yoast SEO plugin. -->","yoast_head_json":{"title":"\u670d\u52a1\u6761\u6b3e - \u5b81\u6ce2\u8d85\u5408\u5851\u6599\u6709\u9650\u516c\u53f8","robots":{"index":"index","follow":"follow","max-snippet":"max-snippet:-1","max-image-preview":"max-image-preview:large","max-video-preview":"max-video-preview:-1"},"canonical":"https:\/\/www.linheplastic.com\/de\/termindienst","og_locale":"fr_FR","og_type":"article","og_title":"\u670d\u52a1\u6761\u6b3e - \u5b81\u6ce2\u8d85\u5408\u5851\u6599\u6709\u9650\u516c\u53f8","og_description":"\u4f01\u4e1a\u5b98\u7f51\u670d\u52a1\u6761\u6b3e\u8bf4\u660e\u200b \u6b22\u8fce\u4f7f\u7528\u5b81\u6ce2\u8d85\u5408\u5851\u6599\u6709\u9650\u516c\u53f8\u5b98\u7f51\uff08\u4ee5\u4e0b\u7b80\u79f0 \u201c\u672c\u7f51\u7ad9\u201d\uff09\u3002\u4f7f\u7528\u672c\u7f51\u7ad9\u524d\uff0c\u8bf7\u4ed4\u7ec6\u9605\u8bfb\u4ee5\u4e0b [&hellip;]","og_url":"https:\/\/www.linheplastic.com\/de\/termindienst","og_site_name":"\u5b81\u6ce2\u8d85\u5408\u5851\u6599\u6709\u9650\u516c\u53f8","article_modified_time":"2025-07-15T06:38:28+00:00","twitter_card":"summary_large_image","twitter_misc":{"Dur\u00e9e de lecture estim\u00e9e":"1 minute"},"schema":{"@context":"https:\/\/schema.org","@graph":[{"@type":"WebPage","@id":"https:\/\/www.linheplastic.com\/de\/termindienst","url":"https:\/\/www.linheplastic.com\/de\/termindienst","name":"\u670d\u52a1\u6761\u6b3e - \u5b81\u6ce2\u8d85\u5408\u5851\u6599\u6709\u9650\u516c\u53f8","isPartOf":{"@id":"https:\/\/www.chaoheplastic.com\/#website"},"datePublished":"2025-07-15T06:37:37+00:00","dateModified":"2025-07-15T06:38:28+00:00","breadcrumb":{"@id":"https:\/\/www.linheplastic.com\/de\/termindienst#breadcrumb"},"inLanguage":"fr-FR","potentialAction":[{"@type":"ReadAction","target":["https:\/\/www.linheplastic.com\/de\/termindienst"]}]},{"@type":"BreadcrumbList","@id":"https:\/\/www.linheplastic.com\/de\/termindienst#breadcrumb","itemListElement":[{"@type":"ListItem","position":1,"name":"\u9996\u9875","item":"https:\/\/www.chaoheplastic.com\/"},{"@type":"ListItem","position":2,"name":"\u670d\u52a1\u6761\u6b3e"}]},{"@type":"WebSite","@id":"https:\/\/www.chaoheplastic.com\/#website","url":"https:\/\/www.chaoheplastic.com\/","name":"\u5b81\u6ce2\u8d85\u5408\u5851\u6599\u6709\u9650\u516c\u53f8","description":"\u5b81\u6ce2\u8d85\u5408\u5851\u6599\u6709\u9650\u516c\u53f8\u4f01\u4e1a\u5b98\u7f51","publisher":{"@id":"https:\/\/www.chaoheplastic.com\/#organization"},"potentialAction":[{"@type":"SearchAction","target":{"@type":"EntryPoint","urlTemplate":"https:\/\/www.chaoheplastic.com\/?s={search_term_string}"},"query-input":{"@type":"PropertyValueSpecification","valueRequired":true,"valueName":"search_term_string"}}],"inLanguage":"fr-FR"},{"@type":"Organization","@id":"https:\/\/www.chaoheplastic.com\/#organization","name":"\u5b81\u6ce2\u8d85\u5408\u5851\u6599\u6709\u9650\u516c\u53f8","url":"https:\/\/www.chaoheplastic.com\/","logo":{"@type":"ImageObject","inLanguage":"fr-FR","@id":"https:\/\/www.chaoheplastic.com\/#\/schema\/logo\/image\/","url":"\/wp-content\/uploads\/2025\/06\/a028c7592e2e591b297bbd1505f7c62d.png","contentUrl":"\/wp-content\/uploads\/2025\/06\/a028c7592e2e591b297bbd1505f7c62d.png","width":350,"height":77,"caption":"\u5b81\u6ce2\u8d85\u5408\u5851\u6599\u6709\u9650\u516c\u53f8"},"image":{"@id":"https:\/\/www.chaoheplastic.com\/#\/schema\/logo\/image\/"}}]}},"jetpack_sharing_enabled":true,"_links":{"self":[{"href":"https:\/\/www.nblhplastic.com\/fr\/wp-json\/wp\/v2\/pages\/381","targetHints":{"allow":["GET"]}}],"collection":[{"href":"https:\/\/www.nblhplastic.com\/fr\/wp-json\/wp\/v2\/pages"}],"about":[{"href":"https:\/\/www.nblhplastic.com\/fr\/wp-json\/wp\/v2\/types\/page"}],"author":[{"embeddable":true,"href":"https:\/\/www.nblhplastic.com\/fr\/wp-json\/wp\/v2\/users\/1"}],"replies":[{"embeddable":true,"href":"https:\/\/www.nblhplastic.com\/fr\/wp-json\/wp\/v2\/comments?post=381"}],"version-history":[{"count":1,"href":"https:\/\/www.nblhplastic.com\/fr\/wp-json\/wp\/v2\/pages\/381\/revisions"}],"predecessor-version":[{"id":382,"href":"https:\/\/www.nblhplastic.com\/fr\/wp-json\/wp\/v2\/pages\/381\/revisions\/382"}],"wp:attachment":[{"href":"https:\/\/www.nblhplastic.com\/fr\/wp-json\/wp\/v2\/media?parent=381"}],"curies":[{"name":"wp","href":"https:\/\/api.w.org\/{rel}","templated":true}]}}