{"id":3,"date":"2025-06-17T15:19:20","date_gmt":"2025-06-17T07:19:20","guid":{"rendered":"http:\/\/new.nblhplastic.com\/?page_id=3"},"modified":"2025-07-15T14:36:26","modified_gmt":"2025-07-15T06:36:26","slug":"gizlilik-politikasi","status":"publish","type":"page","link":"https:\/\/www.nblhplastic.com\/tr\/gizlilik-politikasi","title":{"rendered":"G\u0130ZL\u0130L\u0130K POL\u0130T\u0130KASI"},"content":{"rendered":"<h1 class=\"ace-line heading-h1 wp-block-heading\" dir=\"auto\" style=\"text-align: center;\" data-node=\"true\"><strong><span class=\"lb\">Kurumsal web sitesi gizlilik politikas\u0131 beyan\u0131<\/span><\/strong><span data-string=\"true\" data-enter=\"true\" data-leaf=\"true\">\u200b<\/span><\/h1>\r\n<div dir=\"auto\" data-node=\"true\">\u00a0<\/div>\r\n<div class=\"ace-line\" dir=\"auto\" data-node=\"true\"><span data-leaf=\"true\"><span class=\"lb\">Ningbo Chaohe Plastic Co, Ltd (bundan b\u00f6yle \"biz\" olarak an\u0131lacakt\u0131r), kullan\u0131c\u0131 gizlili\u011fini korumay\u0131 ve kullan\u0131c\u0131 bilgi g\u00fcvenli\u011fini s\u00fcrd\u00fcrmeyi taahh\u00fct eder. Bilgi toplama ve kullanma kurallar\u0131n\u0131 netle\u015ftirmek i\u00e7in, bu politika anlay\u0131\u015f\u0131n\u0131z ve se\u00e7iminiz i\u00e7in form\u00fcle edilmi\u015ftir.<\/span><\/span><\/div>\r\n<div class=\"ace-line\" dir=\"auto\" data-node=\"true\"><span data-string=\"true\" data-enter=\"true\" data-leaf=\"true\">\u200b<\/span><\/div>\r\n<div class=\"ace-line heading-h2\" dir=\"auto\" data-node=\"true\"><strong><span class=\"lb\">I. Uygulama kapsam\u0131<\/span><\/strong><span data-string=\"true\" data-enter=\"true\" data-leaf=\"true\">\u200b<\/span><\/div>\r\n<div class=\"ace-line\" dir=\"auto\" data-node=\"true\"><span data-leaf=\"true\"><span class=\"lb\">Bu politika, bilgi tarama, talep g\u00f6nderme ve \u00fcyelik kayd\u0131 dahil ancak bunlarla s\u0131n\u0131rl\u0131 olmamak \u00fczere web sitemizi ziyaret eden t\u00fcm kullan\u0131c\u0131lar i\u00e7in ge\u00e7erlidir. Di\u011fer platformlara atlamak i\u00e7in \u00fc\u00e7\u00fcnc\u00fc taraf ba\u011flant\u0131lar\u0131n\u0131 kullan\u0131rsan\u0131z, gizlilik politikalar\u0131 ayr\u0131ca tan\u0131mlan\u0131r.<\/span><\/span><\/div>\r\n<div class=\"ace-line\" dir=\"auto\" data-node=\"true\"><span data-string=\"true\" data-enter=\"true\" data-leaf=\"true\">\u200b<\/span><\/div>\r\n<div class=\"ace-line heading-h2\" dir=\"auto\" data-node=\"true\"><strong><span class=\"lb\">II. Bilgi toplama<\/span><\/strong><span data-string=\"true\" data-enter=\"true\" data-leaf=\"true\">\u200b<\/span><\/div>\r\n<div class=\"ace-line\" dir=\"auto\" data-node=\"true\"><span data-leaf=\"true\"><span class=\"lb\">Toplad\u0131\u011f\u0131m\u0131z bilgiler \u015funlar\u0131 i\u00e7erir:<\/span><\/span><\/div>\r\n<ul>\r\n<li class=\"ace-line\" dir=\"auto\" data-node=\"true\"><span data-leaf=\"true\"><span class=\"lb\">1. G\u00f6n\u00fcll\u00fc olarak verdi\u011finiz isim, telefon numaras\u0131, e-posta adresi vb. ileti\u015fim bilgileri;<\/span><\/span><\/li>\r\n<li class=\"ace-line\" dir=\"auto\" data-node=\"true\"><span data-leaf=\"true\"><span class=\"lb\">2. Ziyaret edilen sayfalar, kal\u0131\u015f s\u00fcresi vb. gibi web sitesi kullan\u0131m verileri;<\/span><\/span><\/li>\r\n<li class=\"ace-line\" dir=\"auto\" data-node=\"true\"><span data-leaf=\"true\"><span class=\"lb\">3. IP adresi, taray\u0131c\u0131 t\u00fcr\u00fc ve benzeri gibi cihaz bilgileri.<\/span><\/span><\/li>\r\n<\/ul>\r\n<p><span data-leaf=\"true\"><span class=\"lb\">Yukar\u0131daki bilgiler yaln\u0131zca i\u015f ileti\u015fimi ve hizmet optimizasyonu i\u00e7indir.<\/span><\/span><\/p>\r\n<div class=\"ace-line\" dir=\"auto\" data-node=\"true\"><span data-string=\"true\" data-enter=\"true\" data-leaf=\"true\">\u200b<\/span><\/div>\r\n<div class=\"ace-line heading-h2\" dir=\"auto\" data-node=\"true\"><strong><span class=\"lb\">III. Bilgi kullan\u0131m\u0131<\/span><\/strong><span data-string=\"true\" data-enter=\"true\" data-leaf=\"true\">\u200b<\/span><\/div>\r\n<div class=\"ace-line\" dir=\"auto\" data-node=\"true\"><span data-leaf=\"true\"><span class=\"lb\">Toplanan bilgiler kullan\u0131lacakt\u0131r:<\/span><\/span><\/div>\r\n<ul>\r\n<li class=\"ace-line\" dir=\"auto\" data-node=\"true\"><span data-leaf=\"true\"><span class=\"lb\">1. Sorular\u0131n\u0131za ve ihtiya\u00e7lar\u0131n\u0131za yan\u0131t verin;<\/span><\/span><\/li>\r\n<li class=\"ace-line\" dir=\"auto\" data-node=\"true\"><span data-leaf=\"true\"><span class=\"lb\">2. Ki\u015fiselle\u015ftirilmi\u015f hizmet \u00f6nerileri sa\u011flay\u0131n;<\/span><\/span><\/li>\r\n<li class=\"ace-line\" dir=\"auto\" data-node=\"true\"><span data-leaf=\"true\"><span class=\"lb\">3. Geli\u015ftirilmi\u015f web sitesi i\u015flevselli\u011fi ve kullan\u0131c\u0131 deneyimi;<\/span><\/span><\/li>\r\n<li class=\"ace-line\" dir=\"auto\" data-node=\"true\"><span data-leaf=\"true\"><span class=\"lb\">4. \u0130\u015f bildirimleri g\u00f6nderin (istedi\u011finiz zaman abonelikten \u00e7\u0131kabilirsiniz).<\/span><\/span><\/li>\r\n<\/ul>\r\n<p><span data-leaf=\"true\"><span class=\"lb\">\u0130zin almadan asla ba\u015fka bir ama\u00e7 i\u00e7in kullanmay\u0131n.<\/span><\/span><\/p>\r\n<div class=\"ace-line\" dir=\"auto\" data-node=\"true\"><span data-string=\"true\" data-enter=\"true\" data-leaf=\"true\">\u200b<\/span><\/div>\r\n<div class=\"ace-line heading-h2\" dir=\"auto\" data-node=\"true\"><strong><span class=\"lb\">IV. Bilgilerin korunmas\u0131<\/span><\/strong><span data-string=\"true\" data-enter=\"true\" data-leaf=\"true\">\u200b<\/span><\/div>\r\n<div class=\"ace-line\" dir=\"auto\" data-node=\"true\"><span data-leaf=\"true\"><span class=\"lb\">Bilgileri korumak i\u00e7in birden fazla g\u00fcvenlik \u00f6nlemi kullan\u0131yoruz:<\/span><\/span><\/div>\r\n<ul>\r\n<li class=\"ace-line\" dir=\"auto\" data-node=\"true\"><span data-leaf=\"true\"><span class=\"lb\">1. Veri iletimi i\u00e7in \u015fifreleme teknikleri;<\/span><\/span><\/li>\r\n<li class=\"ace-line\" dir=\"auto\" data-node=\"true\"><span data-leaf=\"true\"><span class=\"lb\">2. Yetkinin hiyerar\u015fik y\u00f6netimi;<\/span><\/span><\/li>\r\n<li class=\"ace-line\" dir=\"auto\" data-node=\"true\"><span data-leaf=\"true\"><span class=\"lb\">3. Periyodik g\u00fcvenlik denetimleri.<\/span><\/span><\/li>\r\n<li class=\"ace-line\" dir=\"auto\" data-node=\"true\"><span data-leaf=\"true\"><span class=\"lb\">\u00c7al\u0131\u015fanlar\u0131n bir gizlilik s\u00f6zle\u015fmesi imzalamalar\u0131 gerekmektedir ve ihlallerden sorumlu tutulacaklard\u0131r.<\/span><\/span><\/li>\r\n<\/ul>\r\n<div class=\"ace-line\" dir=\"auto\" data-node=\"true\"><span data-string=\"true\" data-enter=\"true\" data-leaf=\"true\">\u200b<\/span><\/div>\r\n<div class=\"ace-line heading-h2\" dir=\"auto\" data-node=\"true\"><strong><span class=\"lb\">V. Bilgi payla\u015f\u0131m\u0131<\/span><\/strong><span data-string=\"true\" data-enter=\"true\" data-leaf=\"true\">\u200b<\/span><\/div>\r\n<div class=\"ace-line\" dir=\"auto\" data-node=\"true\"><span data-leaf=\"true\"><span class=\"lb\">Bilgileriniz a\u015fa\u011f\u0131daki durumlar d\u0131\u015f\u0131nda asla \u00fc\u00e7\u00fcnc\u00fc bir tarafa if\u015fa edilmeyecektir:<\/span><\/span><\/div>\r\n<ul>\r\n<li class=\"ace-line\" dir=\"auto\" data-node=\"true\"><span data-leaf=\"true\"><span class=\"lb\">1. A\u00e7\u0131k izninizi al\u0131n;<\/span><\/span><\/li>\r\n<li class=\"ace-line\" dir=\"auto\" data-node=\"true\"><span data-leaf=\"true\"><span class=\"lb\">2. Kanun ve y\u00f6netmeliklere uygun olarak veya idari veya adli makamlar\u0131n talebi \u00fczerine;<\/span><\/span><\/li>\r\n<li class=\"ace-line\" dir=\"auto\" data-node=\"true\"><span data-leaf=\"true\"><span class=\"lb\">3. \u015eirketin me\u015fru menfaatlerini veya kamu yarar\u0131n\u0131 korumak.<\/span><\/span><\/li>\r\n<\/ul>\r\n<div class=\"ace-line\" dir=\"auto\" data-node=\"true\"><span data-string=\"true\" data-enter=\"true\" data-leaf=\"true\">\u200b<\/span><\/div>\r\n<div class=\"ace-line heading-h2\" dir=\"auto\" data-node=\"true\"><strong><span class=\"lb\">VI. Kullan\u0131c\u0131lar\u0131n haklar\u0131<\/span><\/strong><span data-string=\"true\" data-enter=\"true\" data-leaf=\"true\">\u200b<\/span><\/div>\r\n<div class=\"ace-line\" dir=\"auto\" data-node=\"true\"><span data-leaf=\"true\"><span class=\"lb\">Kanun kapsam\u0131nda a\u015fa\u011f\u0131daki haklara sahipsiniz:<\/span><\/span><\/div>\r\n<ul>\r\n<li class=\"ace-line\" dir=\"auto\" data-node=\"true\"><span data-leaf=\"true\"><span class=\"lb\">1. Ki\u015fisel bilgilere eri\u015fim;<\/span><\/span><\/li>\r\n<li class=\"ace-line\" dir=\"auto\" data-node=\"true\"><span data-leaf=\"true\"><span class=\"lb\">2. Hatal\u0131 bilgilerin d\u00fczeltilmesi i\u00e7in talep;<\/span><\/span><\/li>\r\n<li class=\"ace-line\" dir=\"auto\" data-node=\"true\"><span data-leaf=\"true\"><span class=\"lb\">3. Gereksiz bilgilerin silinmesi i\u00e7in talep;<\/span><\/span><\/li>\r\n<li class=\"ace-line\" dir=\"auto\" data-node=\"true\"><span data-leaf=\"true\"><span class=\"lb\">4. Bilgi kullanma yetkisinin geri \u00e7ekilmesi.<\/span><\/span><\/li>\r\n<\/ul>\r\n<div class=\"ace-line\" dir=\"auto\" data-node=\"true\"><span data-leaf=\"true\"><span class=\"lb\">Haklar\u0131n kullan\u0131m\u0131, resmi web sitesindeki \"Bize Ula\u015f\u0131n\" kanal\u0131 arac\u0131l\u0131\u011f\u0131yla sunulabilir.<\/span><\/span><\/div>\r\n<div class=\"ace-line\" dir=\"auto\" data-node=\"true\"><strong>\u200b<\/strong><\/div>\r\n<div class=\"ace-line heading-h2\" dir=\"auto\" data-node=\"true\"><strong><span class=\"lb\">VII. Politika g\u00fcncellemeleri<\/span><\/strong><span data-string=\"true\" data-enter=\"true\" data-leaf=\"true\">\u200b<\/span><\/div>\r\n<div class=\"ace-line\" dir=\"auto\" data-node=\"true\"><span data-leaf=\"true\"><span class=\"lb\">Bu politika, d\u00fczenlemelerdeki ve i\u015f d\u00fcnyas\u0131ndaki de\u011fi\u015fikliklere uygun olarak ayarlanacak ve g\u00fcncellemeden sonra resmi web sitesinin ana sayfas\u0131nda yay\u0131nlanacak ve 7 g\u00fcnl\u00fck tan\u0131t\u0131mdan sonra y\u00fcr\u00fcrl\u00fc\u011fe girecektir. Bu politikay\u0131 d\u00fczenli olarak g\u00f6zden ge\u00e7irmenizi tavsiye ederiz ve kullanmaya devam etmeniz g\u00fcncellemeleri onaylad\u0131\u011f\u0131n\u0131z anlam\u0131na gelir.<\/span><\/span><\/div>\r\n<div class=\"ace-line\" dir=\"auto\" data-node=\"true\"><span data-string=\"true\" data-enter=\"true\" data-leaf=\"true\">\u200b<\/span><\/div>\r\n<div class=\"ace-line heading-h2\" dir=\"auto\" data-node=\"true\"><strong><span class=\"lb\">VIII. \u0130leti\u015fim bilgileri<\/span><\/strong><span data-string=\"true\" data-enter=\"true\" data-leaf=\"true\">\u200b<\/span><\/div>\r\n<div class=\"ace-line\" dir=\"auto\" data-node=\"true\"><span data-leaf=\"true\"><span class=\"lb\">Bu politika hakk\u0131nda sorular\u0131n\u0131z varsa, a\u015fa\u011f\u0131dakilerle ileti\u015fime ge\u00e7ebilirsiniz:<\/span><\/span><span data-string=\"true\" data-enter=\"true\" data-leaf=\"true\">\u200b<\/span><\/div>\r\n<div class=\"ace-line list-div\" dir=\"auto\" data-node=\"true\">\r\n<ul class=\"list-bullet1 r-list r-list-bullet\">\r\n<li><span data-leaf=\"true\"><span class=\"lb\">Tel: +86-574-88303209<\/span><\/span><span data-string=\"true\" data-enter=\"true\" data-leaf=\"true\">\u200b<\/span><\/li>\r\n<\/ul>\r\n<\/div>\r\n<div class=\"ace-line list-div\" dir=\"auto\" data-node=\"true\">\r\n<ul class=\"list-bullet1 r-list r-list-bullet\">\r\n<li><span data-leaf=\"true\"><span class=\"lb\">E-posta: zhangq@linheplastic.com<\/span><\/span><span data-string=\"true\" data-enter=\"true\" data-leaf=\"true\">\u200b<\/span><\/li>\r\n<\/ul>\r\n<\/div>\r\n<div class=\"ace-line list-div\" dir=\"auto\" data-node=\"true\">\r\n<ul class=\"list-bullet1 r-list r-list-bullet\">\r\n<li><span data-leaf=\"true\"><span class=\"lb\">Adres: Oda 1601, Lei Mengde Binas\u0131, No.10, \u015eerit 818, Qian Henan Yolu, Yinzhou B\u00f6lgesi, Ningbo, Zhejiang, \u00c7in.<\/span><\/span><span data-string=\"true\" data-enter=\"true\" data-leaf=\"true\">\u200b<\/span><\/li>\r\n<\/ul>\r\n<\/div>\r\n<div class=\"ace-line\" dir=\"auto\" data-node=\"true\"><span data-leaf=\"true\"><span class=\"lb\">Y\u00fcr\u00fcrl\u00fc\u011fe giri\u015f: 1 Ocak 2025<\/span><\/span><\/div>","protected":false},"excerpt":{"rendered":"<p>\u4f01\u4e1a\u5b98\u7f51\u9690\u79c1\u653f\u7b56\u8bf4\u660e\u200b \u00a0 \u5b81\u6ce2\u8d85\u5408\u5851\u6599\u6709\u9650\u516c\u53f8\uff08\u4ee5\u4e0b\u7b80\u79f0 \u201c\u6211\u4eec\u201d\uff09\u81f4\u529b\u4e8e\u4fdd\u62a4\u7528\u6237\u9690\u79c1\uff0c\u7ef4\u62a4\u7528\u6237\u4fe1\u606f\u5b89\u5168\u3002\u4e3a [&hellip;]<\/p>","protected":false},"author":1,"featured_media":0,"parent":0,"menu_order":0,"comment_status":"closed","ping_status":"open","template":"single_ystk.php","meta":{"footnotes":""},"class_list":["post-3","page","type-page","status-publish","hentry"],"yoast_head":"<!-- This site is optimized with the Yoast SEO plugin v25.4 - https:\/\/yoast.com\/wordpress\/plugins\/seo\/ -->\n<title>\u9690\u79c1\u653f\u7b56 - \u5b81\u6ce2\u8d85\u5408\u5851\u6599\u6709\u9650\u516c\u53f8<\/title>\n<meta name=\"robots\" content=\"index, follow, max-snippet:-1, max-image-preview:large, max-video-preview:-1\" \/>\n<link rel=\"canonical\" href=\"https:\/\/www.nblhplastic.com\/tr\/gizlilik-politikasi\/\" \/>\n<meta property=\"og:locale\" content=\"tr_TR\" \/>\n<meta property=\"og:type\" content=\"article\" \/>\n<meta property=\"og:title\" content=\"\u9690\u79c1\u653f\u7b56 - \u5b81\u6ce2\u8d85\u5408\u5851\u6599\u6709\u9650\u516c\u53f8\" \/>\n<meta property=\"og:description\" content=\"\u4f01\u4e1a\u5b98\u7f51\u9690\u79c1\u653f\u7b56\u8bf4\u660e\u200b \u00a0 \u5b81\u6ce2\u8d85\u5408\u5851\u6599\u6709\u9650\u516c\u53f8\uff08\u4ee5\u4e0b\u7b80\u79f0 \u201c\u6211\u4eec\u201d\uff09\u81f4\u529b\u4e8e\u4fdd\u62a4\u7528\u6237\u9690\u79c1\uff0c\u7ef4\u62a4\u7528\u6237\u4fe1\u606f\u5b89\u5168\u3002\u4e3a [&hellip;]\" \/>\n<meta property=\"og:url\" content=\"https:\/\/www.nblhplastic.com\/tr\/gizlilik-politikasi\/\" \/>\n<meta property=\"og:site_name\" content=\"\u5b81\u6ce2\u8d85\u5408\u5851\u6599\u6709\u9650\u516c\u53f8\" \/>\n<meta property=\"article:modified_time\" content=\"2025-07-15T06:36:26+00:00\" \/>\n<meta name=\"twitter:card\" content=\"summary_large_image\" \/>\n<meta name=\"twitter:label1\" content=\"Tahmini okuma s\u00fcresi\" \/>\n\t<meta name=\"twitter:data1\" content=\"1 dakika\" \/>\n<script type=\"application\/ld+json\" class=\"yoast-schema-graph\">{\"@context\":\"https:\/\/schema.org\",\"@graph\":[{\"@type\":\"WebPage\",\"@id\":\"https:\/\/www.nblhplastic.com\/ru\/%d0%bf%d0%be%d0%bb%d0%b8%d1%82%d0%b8%d0%ba%d0%b0-%d0%ba%d0%be%d0%bd%d1%84%d0%b8%d0%b4%d0%b5%d0%bd%d1%86%d0%b8%d0%b0%d0%bb%d1%8c%d0%bd%d0%be%d1%81%d1%82%d0%b8\",\"url\":\"https:\/\/www.nblhplastic.com\/ru\/%d0%bf%d0%be%d0%bb%d0%b8%d1%82%d0%b8%d0%ba%d0%b0-%d0%ba%d0%be%d0%bd%d1%84%d0%b8%d0%b4%d0%b5%d0%bd%d1%86%d0%b8%d0%b0%d0%bb%d1%8c%d0%bd%d0%be%d1%81%d1%82%d0%b8\",\"name\":\"\u9690\u79c1\u653f\u7b56 - \u5b81\u6ce2\u8d85\u5408\u5851\u6599\u6709\u9650\u516c\u53f8\",\"isPartOf\":{\"@id\":\"https:\/\/www.chaoheplastic.com\/#website\"},\"datePublished\":\"2025-06-17T07:19:20+00:00\",\"dateModified\":\"2025-07-15T06:36:26+00:00\",\"breadcrumb\":{\"@id\":\"https:\/\/www.nblhplastic.com\/ru\/%d0%bf%d0%be%d0%bb%d0%b8%d1%82%d0%b8%d0%ba%d0%b0-%d0%ba%d0%be%d0%bd%d1%84%d0%b8%d0%b4%d0%b5%d0%bd%d1%86%d0%b8%d0%b0%d0%bb%d1%8c%d0%bd%d0%be%d1%81%d1%82%d0%b8#breadcrumb\"},\"inLanguage\":\"tr\",\"potentialAction\":[{\"@type\":\"ReadAction\",\"target\":[\"https:\/\/www.nblhplastic.com\/ru\/%d0%bf%d0%be%d0%bb%d0%b8%d1%82%d0%b8%d0%ba%d0%b0-%d0%ba%d0%be%d0%bd%d1%84%d0%b8%d0%b4%d0%b5%d0%bd%d1%86%d0%b8%d0%b0%d0%bb%d1%8c%d0%bd%d0%be%d1%81%d1%82%d0%b8\"]}]},{\"@type\":\"BreadcrumbList\",\"@id\":\"https:\/\/www.nblhplastic.com\/ru\/%d0%bf%d0%be%d0%bb%d0%b8%d1%82%d0%b8%d0%ba%d0%b0-%d0%ba%d0%be%d0%bd%d1%84%d0%b8%d0%b4%d0%b5%d0%bd%d1%86%d0%b8%d0%b0%d0%bb%d1%8c%d0%bd%d0%be%d1%81%d1%82%d0%b8#breadcrumb\",\"itemListElement\":[{\"@type\":\"ListItem\",\"position\":1,\"name\":\"\u9996\u9875\",\"item\":\"https:\/\/www.chaoheplastic.com\/\"},{\"@type\":\"ListItem\",\"position\":2,\"name\":\"\u9690\u79c1\u653f\u7b56\"}]},{\"@type\":\"WebSite\",\"@id\":\"https:\/\/www.chaoheplastic.com\/#website\",\"url\":\"https:\/\/www.chaoheplastic.com\/\",\"name\":\"\u5b81\u6ce2\u8d85\u5408\u5851\u6599\u6709\u9650\u516c\u53f8\",\"description\":\"\u5b81\u6ce2\u8d85\u5408\u5851\u6599\u6709\u9650\u516c\u53f8\u4f01\u4e1a\u5b98\u7f51\",\"publisher\":{\"@id\":\"https:\/\/www.chaoheplastic.com\/#organization\"},\"potentialAction\":[{\"@type\":\"SearchAction\",\"target\":{\"@type\":\"EntryPoint\",\"urlTemplate\":\"https:\/\/www.chaoheplastic.com\/?s={search_term_string}\"},\"query-input\":{\"@type\":\"PropertyValueSpecification\",\"valueRequired\":true,\"valueName\":\"search_term_string\"}}],\"inLanguage\":\"tr\"},{\"@type\":\"Organization\",\"@id\":\"https:\/\/www.chaoheplastic.com\/#organization\",\"name\":\"\u5b81\u6ce2\u8d85\u5408\u5851\u6599\u6709\u9650\u516c\u53f8\",\"url\":\"https:\/\/www.chaoheplastic.com\/\",\"logo\":{\"@type\":\"ImageObject\",\"inLanguage\":\"tr\",\"@id\":\"https:\/\/www.chaoheplastic.com\/#\/schema\/logo\/image\/\",\"url\":\"\/wp-content\/uploads\/2025\/06\/a028c7592e2e591b297bbd1505f7c62d.png\",\"contentUrl\":\"\/wp-content\/uploads\/2025\/06\/a028c7592e2e591b297bbd1505f7c62d.png\",\"width\":350,\"height\":77,\"caption\":\"\u5b81\u6ce2\u8d85\u5408\u5851\u6599\u6709\u9650\u516c\u53f8\"},\"image\":{\"@id\":\"https:\/\/www.chaoheplastic.com\/#\/schema\/logo\/image\/\"}}]}<\/script>\n<!-- \/ Yoast SEO plugin. -->","yoast_head_json":{"title":"\u9690\u79c1\u653f\u7b56 - \u5b81\u6ce2\u8d85\u5408\u5851\u6599\u6709\u9650\u516c\u53f8","robots":{"index":"index","follow":"follow","max-snippet":"max-snippet:-1","max-image-preview":"max-image-preview:large","max-video-preview":"max-video-preview:-1"},"canonical":"https:\/\/www.nblhplastic.com\/tr\/gizlilik-politikasi\/","og_locale":"tr_TR","og_type":"article","og_title":"\u9690\u79c1\u653f\u7b56 - \u5b81\u6ce2\u8d85\u5408\u5851\u6599\u6709\u9650\u516c\u53f8","og_description":"\u4f01\u4e1a\u5b98\u7f51\u9690\u79c1\u653f\u7b56\u8bf4\u660e\u200b \u00a0 \u5b81\u6ce2\u8d85\u5408\u5851\u6599\u6709\u9650\u516c\u53f8\uff08\u4ee5\u4e0b\u7b80\u79f0 \u201c\u6211\u4eec\u201d\uff09\u81f4\u529b\u4e8e\u4fdd\u62a4\u7528\u6237\u9690\u79c1\uff0c\u7ef4\u62a4\u7528\u6237\u4fe1\u606f\u5b89\u5168\u3002\u4e3a [&hellip;]","og_url":"https:\/\/www.nblhplastic.com\/tr\/gizlilik-politikasi\/","og_site_name":"\u5b81\u6ce2\u8d85\u5408\u5851\u6599\u6709\u9650\u516c\u53f8","article_modified_time":"2025-07-15T06:36:26+00:00","twitter_card":"summary_large_image","twitter_misc":{"Tahmini okuma s\u00fcresi":"1 dakika"},"schema":{"@context":"https:\/\/schema.org","@graph":[{"@type":"WebPage","@id":"https:\/\/www.nblhplastic.com\/ru\/%d0%bf%d0%be%d0%bb%d0%b8%d1%82%d0%b8%d0%ba%d0%b0-%d0%ba%d0%be%d0%bd%d1%84%d0%b8%d0%b4%d0%b5%d0%bd%d1%86%d0%b8%d0%b0%d0%bb%d1%8c%d0%bd%d0%be%d1%81%d1%82%d0%b8","url":"https:\/\/www.nblhplastic.com\/ru\/%d0%bf%d0%be%d0%bb%d0%b8%d1%82%d0%b8%d0%ba%d0%b0-%d0%ba%d0%be%d0%bd%d1%84%d0%b8%d0%b4%d0%b5%d0%bd%d1%86%d0%b8%d0%b0%d0%bb%d1%8c%d0%bd%d0%be%d1%81%d1%82%d0%b8","name":"\u9690\u79c1\u653f\u7b56 - \u5b81\u6ce2\u8d85\u5408\u5851\u6599\u6709\u9650\u516c\u53f8","isPartOf":{"@id":"https:\/\/www.chaoheplastic.com\/#website"},"datePublished":"2025-06-17T07:19:20+00:00","dateModified":"2025-07-15T06:36:26+00:00","breadcrumb":{"@id":"https:\/\/www.nblhplastic.com\/ru\/%d0%bf%d0%be%d0%bb%d0%b8%d1%82%d0%b8%d0%ba%d0%b0-%d0%ba%d0%be%d0%bd%d1%84%d0%b8%d0%b4%d0%b5%d0%bd%d1%86%d0%b8%d0%b0%d0%bb%d1%8c%d0%bd%d0%be%d1%81%d1%82%d0%b8#breadcrumb"},"inLanguage":"tr","potentialAction":[{"@type":"ReadAction","target":["https:\/\/www.nblhplastic.com\/ru\/%d0%bf%d0%be%d0%bb%d0%b8%d1%82%d0%b8%d0%ba%d0%b0-%d0%ba%d0%be%d0%bd%d1%84%d0%b8%d0%b4%d0%b5%d0%bd%d1%86%d0%b8%d0%b0%d0%bb%d1%8c%d0%bd%d0%be%d1%81%d1%82%d0%b8"]}]},{"@type":"BreadcrumbList","@id":"https:\/\/www.nblhplastic.com\/ru\/%d0%bf%d0%be%d0%bb%d0%b8%d1%82%d0%b8%d0%ba%d0%b0-%d0%ba%d0%be%d0%bd%d1%84%d0%b8%d0%b4%d0%b5%d0%bd%d1%86%d0%b8%d0%b0%d0%bb%d1%8c%d0%bd%d0%be%d1%81%d1%82%d0%b8#breadcrumb","itemListElement":[{"@type":"ListItem","position":1,"name":"\u9996\u9875","item":"https:\/\/www.chaoheplastic.com\/"},{"@type":"ListItem","position":2,"name":"\u9690\u79c1\u653f\u7b56"}]},{"@type":"WebSite","@id":"https:\/\/www.chaoheplastic.com\/#website","url":"https:\/\/www.chaoheplastic.com\/","name":"\u5b81\u6ce2\u8d85\u5408\u5851\u6599\u6709\u9650\u516c\u53f8","description":"\u5b81\u6ce2\u8d85\u5408\u5851\u6599\u6709\u9650\u516c\u53f8\u4f01\u4e1a\u5b98\u7f51","publisher":{"@id":"https:\/\/www.chaoheplastic.com\/#organization"},"potentialAction":[{"@type":"SearchAction","target":{"@type":"EntryPoint","urlTemplate":"https:\/\/www.chaoheplastic.com\/?s={search_term_string}"},"query-input":{"@type":"PropertyValueSpecification","valueRequired":true,"valueName":"search_term_string"}}],"inLanguage":"tr"},{"@type":"Organization","@id":"https:\/\/www.chaoheplastic.com\/#organization","name":"\u5b81\u6ce2\u8d85\u5408\u5851\u6599\u6709\u9650\u516c\u53f8","url":"https:\/\/www.chaoheplastic.com\/","logo":{"@type":"ImageObject","inLanguage":"tr","@id":"https:\/\/www.chaoheplastic.com\/#\/schema\/logo\/image\/","url":"\/wp-content\/uploads\/2025\/06\/a028c7592e2e591b297bbd1505f7c62d.png","contentUrl":"\/wp-content\/uploads\/2025\/06\/a028c7592e2e591b297bbd1505f7c62d.png","width":350,"height":77,"caption":"\u5b81\u6ce2\u8d85\u5408\u5851\u6599\u6709\u9650\u516c\u53f8"},"image":{"@id":"https:\/\/www.chaoheplastic.com\/#\/schema\/logo\/image\/"}}]}},"jetpack_sharing_enabled":true,"_links":{"self":[{"href":"https:\/\/www.nblhplastic.com\/tr\/wp-json\/wp\/v2\/pages\/3","targetHints":{"allow":["GET"]}}],"collection":[{"href":"https:\/\/www.nblhplastic.com\/tr\/wp-json\/wp\/v2\/pages"}],"about":[{"href":"https:\/\/www.nblhplastic.com\/tr\/wp-json\/wp\/v2\/types\/page"}],"author":[{"embeddable":true,"href":"https:\/\/www.nblhplastic.com\/tr\/wp-json\/wp\/v2\/users\/1"}],"replies":[{"embeddable":true,"href":"https:\/\/www.nblhplastic.com\/tr\/wp-json\/wp\/v2\/comments?post=3"}],"version-history":[{"count":3,"href":"https:\/\/www.nblhplastic.com\/tr\/wp-json\/wp\/v2\/pages\/3\/revisions"}],"predecessor-version":[{"id":380,"href":"https:\/\/www.nblhplastic.com\/tr\/wp-json\/wp\/v2\/pages\/3\/revisions\/380"}],"wp:attachment":[{"href":"https:\/\/www.nblhplastic.com\/tr\/wp-json\/wp\/v2\/media?parent=3"}],"curies":[{"name":"wp","href":"https:\/\/api.w.org\/{rel}","templated":true}]}}