{"id":381,"date":"2025-07-15T14:37:37","date_gmt":"2025-07-15T06:37:37","guid":{"rendered":"https:\/\/new.nblhplastic.com\/?page_id=381"},"modified":"2025-07-15T14:38:28","modified_gmt":"2025-07-15T06:38:28","slug":"donem-hi%cc%87zmeti%cc%87","status":"publish","type":"page","link":"https:\/\/www.nblhplastic.com\/tr\/donem-hi%cc%87zmeti%cc%87","title":{"rendered":"hi\u0307zmet \u015fartlari"},"content":{"rendered":"<h1 class=\"ace-line heading-h1\" dir=\"auto\" style=\"text-align: center;\" data-node=\"true\"><strong><span class=\"lb\">\u0130\u015fletmenin resmi web sitesinin hizmet \u015fartlar\u0131 \u015funlar\u0131 a\u00e7\u0131klamaktad\u0131r<\/span>\u200b<\/strong><\/h1>\n<div class=\"ace-line\" dir=\"auto\" data-node=\"true\"><span data-leaf=\"true\"><span class=\"lb\">Ningbo Chaohe Plastic Co, Ltd'nin resmi web sitesini (bundan b\u00f6yle \"bu web sitesi\" olarak an\u0131lacakt\u0131r) kullanmaya ho\u015f geldiniz. Bu web sitesini kullanmadan \u00f6nce, l\u00fctfen a\u015fa\u011f\u0131daki h\u00fck\u00fcm ve ko\u015fullar\u0131 dikkatlice okuyun ve eri\u015fim ve kullan\u0131m davran\u0131\u015f\u0131n\u0131z, bu h\u00fck\u00fcm ve ko\u015fullar\u0131n t\u00fcm i\u00e7eri\u011fini kabul etti\u011finiz anlam\u0131na gelecektir.<\/span><\/span><\/div>\n<div class=\"ace-line\" dir=\"auto\" data-node=\"true\"><span data-string=\"true\" data-enter=\"true\" data-leaf=\"true\">\u200b<\/span><\/div>\n<div class=\"ace-line heading-h2\" dir=\"auto\" data-node=\"true\"><strong><span class=\"lb\">Hizmet i\u00e7eri\u011fi ve kullan\u0131m kurallar\u0131<\/span>\u200b<\/strong><\/div>\n<div class=\"ace-line\" dir=\"auto\" data-node=\"true\"><span data-leaf=\"true\"><span class=\"lb\">Bu web sitesi kurumsal bilgi g\u00f6sterimi, \u00fcr\u00fcn tan\u0131t\u0131m\u0131, ileti\u015fim bilgileri ve di\u011fer hizmetleri sa\u011flar. Kullan\u0131c\u0131lar bilgilere g\u00f6z atabilir ve soru g\u00f6nderebilir, ancak a\u015fa\u011f\u0131daki eylemleri ger\u00e7ekle\u015ftiremezler: web sitesi i\u00e7eri\u011fini izinsiz toplamak; yasad\u0131\u015f\u0131 ve yanl\u0131\u015f bilgi yaymak; web sitesinin normal \u00e7al\u0131\u015fmas\u0131na m\u00fcdahale etmek; ve hizmeti ba\u015fkalar\u0131 ad\u0131na kullanmak.<\/span><\/span><\/div>\n<div class=\"ace-line\" dir=\"auto\" data-node=\"true\"><span data-string=\"true\" data-enter=\"true\" data-leaf=\"true\">\u200b<\/span><\/div>\n<div class=\"ace-line heading-h2\" dir=\"auto\" data-node=\"true\"><strong><span class=\"lb\">Fikri M\u00fclkiyet Beyan\u0131<\/span>\u200b<\/strong><\/div>\n<div class=\"ace-line\" dir=\"auto\" data-node=\"true\"><span data-leaf=\"true\"><span class=\"lb\">Bu web sitesinin t\u00fcm i\u00e7eri\u011fi (metinler, resimler, ticari markalar vb. dahil) \u015eirket'in m\u00fclkiyetindedir ve yasalarca korunmaktad\u0131r. Yaz\u0131l\u0131 izin olmaks\u0131z\u0131n her t\u00fcrl\u00fc \u00e7o\u011faltma, da\u011f\u0131t\u0131m veya ticari kullan\u0131m yasakt\u0131r.<\/span><\/span><\/div>\n<div class=\"ace-line\" dir=\"auto\" data-node=\"true\"><span data-string=\"true\" data-enter=\"true\" data-leaf=\"true\">\u200b<\/span><\/div>\n<div class=\"ace-line heading-h2\" dir=\"auto\" data-node=\"true\"><strong><span class=\"lb\">Yasal Uyar\u0131<\/span>\u200b<\/strong><\/div>\n<div class=\"ace-line\" dir=\"auto\" data-node=\"true\"><span data-leaf=\"true\"><span class=\"lb\">Bu web sitesindeki bilgilerin do\u011frulu\u011funu sa\u011flamak i\u00e7in \u00e7aba g\u00f6steriyoruz, ancak i\u00e7eri\u011fin ger\u00e7ek zamanl\u0131 kullan\u0131labilirli\u011fi veya eksiksizli\u011fi konusunda mutlak bir garanti vermiyoruz. Bu web sitesindeki bilgilerin kullan\u0131m\u0131ndan kaynaklanan herhangi bir kay\u0131ptan sorumlu de\u011filiz. \u00dc\u00e7\u00fcnc\u00fc taraf web sitelerine ba\u011flanan i\u00e7eri\u011fin riski kullan\u0131c\u0131ya aittir.<\/span><\/span><\/div>\n<div class=\"ace-line\" dir=\"auto\" data-node=\"true\"><span data-string=\"true\" data-enter=\"true\" data-leaf=\"true\">\u200b<\/span><\/div>\n<div class=\"ace-line heading-h2\" dir=\"auto\" data-node=\"true\"><strong><span class=\"lb\">\u015eartlar\u0131n De\u011fi\u015ftirilmesi ve Feshi<\/span>\u200b<\/strong><\/div>\n<div class=\"ace-line\" dir=\"auto\" data-node=\"true\"><span data-leaf=\"true\"><span class=\"lb\">\u015eirket, h\u00fck\u00fcm ve ko\u015fullar\u0131 istedi\u011fi zaman de\u011fi\u015ftirme hakk\u0131n\u0131 sakl\u0131 tutar ve de\u011fi\u015fiklik web sitesinde duyurulacakt\u0131r. Kullan\u0131c\u0131 de\u011fi\u015fikli\u011fi kabul etmiyorsa, web sitesini kullanmay\u0131 derhal b\u0131rakmal\u0131d\u0131r. \u015eirket, operasyonel ihtiya\u00e7lara g\u00f6re herhangi bir zamanda hizmetlerin bir k\u0131sm\u0131n\u0131 veya tamam\u0131n\u0131 y\u00fck\u00fcml\u00fcl\u00fck alt\u0131na girmeksizin sonland\u0131rabilir.<\/span><\/span><\/div>\n<div class=\"ace-line\" dir=\"auto\" data-node=\"true\"><span data-string=\"true\" data-enter=\"true\" data-leaf=\"true\">\u200b<\/span><\/div>\n<div class=\"ace-line heading-h2\" dir=\"auto\" data-node=\"true\"><strong><span class=\"lb\">Uyu\u015fmazl\u0131k \u00c7\u00f6z\u00fcm\u00fc<\/span>\u200b<\/strong><\/div>\n<div class=\"ace-line\" dir=\"auto\" data-node=\"true\"><span data-leaf=\"true\"><span class=\"lb\">Bu h\u00fck\u00fcm ve ko\u015fullardan kaynaklanan anla\u015fmazl\u0131klar iki taraf aras\u0131nda dostane m\u00fczakereler yoluyla \u00e7\u00f6z\u00fclecektir; m\u00fczakerelerin ba\u015far\u0131s\u0131z olmas\u0131 durumunda, anla\u015fmazl\u0131k \u015firketin bulundu\u011fu yerdeki yetkili mahkemeye sunulacakt\u0131r.<\/span><\/span><span data-string=\"true\" data-enter=\"true\" data-leaf=\"true\">\u200b<\/span><\/div>\n<div class=\"ace-line\" dir=\"auto\" data-node=\"true\"><span data-leaf=\"true\"><span class=\"lb\">Herhangi bir sorunuz varsa, l\u00fctfen ileti\u015fime ge\u00e7in: +86-574-88303209.<\/span><\/span><span data-string=\"true\" data-enter=\"true\" data-leaf=\"true\">\u200b<\/span><\/div>","protected":false},"excerpt":{"rendered":"<p>Kurumsal Resmi Web Sitesi Hizmet \u015eartlar\u0131 A\u00e7\u0131klama Ningbo Chaohe Plastics Co. resmi web sitesine ho\u015f geldiniz. Bu web sitesini kullanmadan \u00f6nce, l\u00fctfen a\u015fa\u011f\u0131daki [...]<\/p>","protected":false},"author":1,"featured_media":0,"parent":0,"menu_order":0,"comment_status":"closed","ping_status":"closed","template":"single_ystk.php","meta":{"footnotes":""},"class_list":["post-381","page","type-page","status-publish","hentry"],"yoast_head":"<!-- This site is optimized with the Yoast SEO plugin v25.4 - https:\/\/yoast.com\/wordpress\/plugins\/seo\/ -->\n<title>\u670d\u52a1\u6761\u6b3e - \u5b81\u6ce2\u8d85\u5408\u5851\u6599\u6709\u9650\u516c\u53f8<\/title>\n<meta name=\"robots\" content=\"index, follow, max-snippet:-1, max-image-preview:large, max-video-preview:-1\" \/>\n<link rel=\"canonical\" href=\"https:\/\/www.linheplastic.com\/de\/termindienst\" \/>\n<meta property=\"og:locale\" content=\"tr_TR\" \/>\n<meta property=\"og:type\" content=\"article\" \/>\n<meta property=\"og:title\" content=\"\u670d\u52a1\u6761\u6b3e - \u5b81\u6ce2\u8d85\u5408\u5851\u6599\u6709\u9650\u516c\u53f8\" \/>\n<meta property=\"og:description\" content=\"\u4f01\u4e1a\u5b98\u7f51\u670d\u52a1\u6761\u6b3e\u8bf4\u660e\u200b \u6b22\u8fce\u4f7f\u7528\u5b81\u6ce2\u8d85\u5408\u5851\u6599\u6709\u9650\u516c\u53f8\u5b98\u7f51\uff08\u4ee5\u4e0b\u7b80\u79f0 \u201c\u672c\u7f51\u7ad9\u201d\uff09\u3002\u4f7f\u7528\u672c\u7f51\u7ad9\u524d\uff0c\u8bf7\u4ed4\u7ec6\u9605\u8bfb\u4ee5\u4e0b [&hellip;]\" \/>\n<meta property=\"og:url\" content=\"https:\/\/www.linheplastic.com\/de\/termindienst\" \/>\n<meta property=\"og:site_name\" content=\"\u5b81\u6ce2\u8d85\u5408\u5851\u6599\u6709\u9650\u516c\u53f8\" \/>\n<meta property=\"article:modified_time\" content=\"2025-07-15T06:38:28+00:00\" \/>\n<meta name=\"twitter:card\" content=\"summary_large_image\" \/>\n<meta name=\"twitter:label1\" content=\"Tahmini okuma s\u00fcresi\" \/>\n\t<meta name=\"twitter:data1\" content=\"1 dakika\" \/>\n<script type=\"application\/ld+json\" class=\"yoast-schema-graph\">{\"@context\":\"https:\/\/schema.org\",\"@graph\":[{\"@type\":\"WebPage\",\"@id\":\"https:\/\/www.linheplastic.com\/de\/termindienst\",\"url\":\"https:\/\/www.linheplastic.com\/de\/termindienst\",\"name\":\"\u670d\u52a1\u6761\u6b3e - \u5b81\u6ce2\u8d85\u5408\u5851\u6599\u6709\u9650\u516c\u53f8\",\"isPartOf\":{\"@id\":\"https:\/\/www.chaoheplastic.com\/#website\"},\"datePublished\":\"2025-07-15T06:37:37+00:00\",\"dateModified\":\"2025-07-15T06:38:28+00:00\",\"breadcrumb\":{\"@id\":\"https:\/\/www.linheplastic.com\/de\/termindienst#breadcrumb\"},\"inLanguage\":\"tr\",\"potentialAction\":[{\"@type\":\"ReadAction\",\"target\":[\"https:\/\/www.linheplastic.com\/de\/termindienst\"]}]},{\"@type\":\"BreadcrumbList\",\"@id\":\"https:\/\/www.linheplastic.com\/de\/termindienst#breadcrumb\",\"itemListElement\":[{\"@type\":\"ListItem\",\"position\":1,\"name\":\"\u9996\u9875\",\"item\":\"https:\/\/www.chaoheplastic.com\/\"},{\"@type\":\"ListItem\",\"position\":2,\"name\":\"\u670d\u52a1\u6761\u6b3e\"}]},{\"@type\":\"WebSite\",\"@id\":\"https:\/\/www.chaoheplastic.com\/#website\",\"url\":\"https:\/\/www.chaoheplastic.com\/\",\"name\":\"\u5b81\u6ce2\u8d85\u5408\u5851\u6599\u6709\u9650\u516c\u53f8\",\"description\":\"\u5b81\u6ce2\u8d85\u5408\u5851\u6599\u6709\u9650\u516c\u53f8\u4f01\u4e1a\u5b98\u7f51\",\"publisher\":{\"@id\":\"https:\/\/www.chaoheplastic.com\/#organization\"},\"potentialAction\":[{\"@type\":\"SearchAction\",\"target\":{\"@type\":\"EntryPoint\",\"urlTemplate\":\"https:\/\/www.chaoheplastic.com\/?s={search_term_string}\"},\"query-input\":{\"@type\":\"PropertyValueSpecification\",\"valueRequired\":true,\"valueName\":\"search_term_string\"}}],\"inLanguage\":\"tr\"},{\"@type\":\"Organization\",\"@id\":\"https:\/\/www.chaoheplastic.com\/#organization\",\"name\":\"\u5b81\u6ce2\u8d85\u5408\u5851\u6599\u6709\u9650\u516c\u53f8\",\"url\":\"https:\/\/www.chaoheplastic.com\/\",\"logo\":{\"@type\":\"ImageObject\",\"inLanguage\":\"tr\",\"@id\":\"https:\/\/www.chaoheplastic.com\/#\/schema\/logo\/image\/\",\"url\":\"\/wp-content\/uploads\/2025\/06\/a028c7592e2e591b297bbd1505f7c62d.png\",\"contentUrl\":\"\/wp-content\/uploads\/2025\/06\/a028c7592e2e591b297bbd1505f7c62d.png\",\"width\":350,\"height\":77,\"caption\":\"\u5b81\u6ce2\u8d85\u5408\u5851\u6599\u6709\u9650\u516c\u53f8\"},\"image\":{\"@id\":\"https:\/\/www.chaoheplastic.com\/#\/schema\/logo\/image\/\"}}]}<\/script>\n<!-- \/ Yoast SEO plugin. -->","yoast_head_json":{"title":"\u670d\u52a1\u6761\u6b3e - \u5b81\u6ce2\u8d85\u5408\u5851\u6599\u6709\u9650\u516c\u53f8","robots":{"index":"index","follow":"follow","max-snippet":"max-snippet:-1","max-image-preview":"max-image-preview:large","max-video-preview":"max-video-preview:-1"},"canonical":"https:\/\/www.linheplastic.com\/de\/termindienst","og_locale":"tr_TR","og_type":"article","og_title":"\u670d\u52a1\u6761\u6b3e - \u5b81\u6ce2\u8d85\u5408\u5851\u6599\u6709\u9650\u516c\u53f8","og_description":"\u4f01\u4e1a\u5b98\u7f51\u670d\u52a1\u6761\u6b3e\u8bf4\u660e\u200b \u6b22\u8fce\u4f7f\u7528\u5b81\u6ce2\u8d85\u5408\u5851\u6599\u6709\u9650\u516c\u53f8\u5b98\u7f51\uff08\u4ee5\u4e0b\u7b80\u79f0 \u201c\u672c\u7f51\u7ad9\u201d\uff09\u3002\u4f7f\u7528\u672c\u7f51\u7ad9\u524d\uff0c\u8bf7\u4ed4\u7ec6\u9605\u8bfb\u4ee5\u4e0b [&hellip;]","og_url":"https:\/\/www.linheplastic.com\/de\/termindienst","og_site_name":"\u5b81\u6ce2\u8d85\u5408\u5851\u6599\u6709\u9650\u516c\u53f8","article_modified_time":"2025-07-15T06:38:28+00:00","twitter_card":"summary_large_image","twitter_misc":{"Tahmini okuma s\u00fcresi":"1 dakika"},"schema":{"@context":"https:\/\/schema.org","@graph":[{"@type":"WebPage","@id":"https:\/\/www.linheplastic.com\/de\/termindienst","url":"https:\/\/www.linheplastic.com\/de\/termindienst","name":"\u670d\u52a1\u6761\u6b3e - \u5b81\u6ce2\u8d85\u5408\u5851\u6599\u6709\u9650\u516c\u53f8","isPartOf":{"@id":"https:\/\/www.chaoheplastic.com\/#website"},"datePublished":"2025-07-15T06:37:37+00:00","dateModified":"2025-07-15T06:38:28+00:00","breadcrumb":{"@id":"https:\/\/www.linheplastic.com\/de\/termindienst#breadcrumb"},"inLanguage":"tr","potentialAction":[{"@type":"ReadAction","target":["https:\/\/www.linheplastic.com\/de\/termindienst"]}]},{"@type":"BreadcrumbList","@id":"https:\/\/www.linheplastic.com\/de\/termindienst#breadcrumb","itemListElement":[{"@type":"ListItem","position":1,"name":"\u9996\u9875","item":"https:\/\/www.chaoheplastic.com\/"},{"@type":"ListItem","position":2,"name":"\u670d\u52a1\u6761\u6b3e"}]},{"@type":"WebSite","@id":"https:\/\/www.chaoheplastic.com\/#website","url":"https:\/\/www.chaoheplastic.com\/","name":"\u5b81\u6ce2\u8d85\u5408\u5851\u6599\u6709\u9650\u516c\u53f8","description":"\u5b81\u6ce2\u8d85\u5408\u5851\u6599\u6709\u9650\u516c\u53f8\u4f01\u4e1a\u5b98\u7f51","publisher":{"@id":"https:\/\/www.chaoheplastic.com\/#organization"},"potentialAction":[{"@type":"SearchAction","target":{"@type":"EntryPoint","urlTemplate":"https:\/\/www.chaoheplastic.com\/?s={search_term_string}"},"query-input":{"@type":"PropertyValueSpecification","valueRequired":true,"valueName":"search_term_string"}}],"inLanguage":"tr"},{"@type":"Organization","@id":"https:\/\/www.chaoheplastic.com\/#organization","name":"\u5b81\u6ce2\u8d85\u5408\u5851\u6599\u6709\u9650\u516c\u53f8","url":"https:\/\/www.chaoheplastic.com\/","logo":{"@type":"ImageObject","inLanguage":"tr","@id":"https:\/\/www.chaoheplastic.com\/#\/schema\/logo\/image\/","url":"\/wp-content\/uploads\/2025\/06\/a028c7592e2e591b297bbd1505f7c62d.png","contentUrl":"\/wp-content\/uploads\/2025\/06\/a028c7592e2e591b297bbd1505f7c62d.png","width":350,"height":77,"caption":"\u5b81\u6ce2\u8d85\u5408\u5851\u6599\u6709\u9650\u516c\u53f8"},"image":{"@id":"https:\/\/www.chaoheplastic.com\/#\/schema\/logo\/image\/"}}]}},"jetpack_sharing_enabled":true,"_links":{"self":[{"href":"https:\/\/www.nblhplastic.com\/tr\/wp-json\/wp\/v2\/pages\/381","targetHints":{"allow":["GET"]}}],"collection":[{"href":"https:\/\/www.nblhplastic.com\/tr\/wp-json\/wp\/v2\/pages"}],"about":[{"href":"https:\/\/www.nblhplastic.com\/tr\/wp-json\/wp\/v2\/types\/page"}],"author":[{"embeddable":true,"href":"https:\/\/www.nblhplastic.com\/tr\/wp-json\/wp\/v2\/users\/1"}],"replies":[{"embeddable":true,"href":"https:\/\/www.nblhplastic.com\/tr\/wp-json\/wp\/v2\/comments?post=381"}],"version-history":[{"count":1,"href":"https:\/\/www.nblhplastic.com\/tr\/wp-json\/wp\/v2\/pages\/381\/revisions"}],"predecessor-version":[{"id":382,"href":"https:\/\/www.nblhplastic.com\/tr\/wp-json\/wp\/v2\/pages\/381\/revisions\/382"}],"wp:attachment":[{"href":"https:\/\/www.nblhplastic.com\/tr\/wp-json\/wp\/v2\/media?parent=381"}],"curies":[{"name":"wp","href":"https:\/\/api.w.org\/{rel}","templated":true}]}}